{"id":32,"date":"2023-07-10T03:22:14","date_gmt":"2023-07-10T03:22:14","guid":{"rendered":"https:\/\/deftdog.com\/?page_id=32"},"modified":"2023-10-12T21:58:58","modified_gmt":"2023-10-12T21:58:58","slug":"producciones","status":"publish","type":"page","link":"https:\/\/deftdog.com\/en\/producciones\/","title":{"rendered":"Productions"},"content":{"rendered":"<p><span style=\"font-weight: 400;\">Deft Dog creates unique and captivating musical experiences for artists of different genres. We specialize in crafting original music compositions, songs, and productions that capture the essence of each project and leave a lasting impression. We also offer mixing and mastering services to ensure optimal sound quality.<\/span><\/p>\n<p>&nbsp;<\/p>","protected":false},"excerpt":{"rendered":"<p>Deft Dog creates unique and captivating musical experiences for artists of different genres. We specialize in crafting original music compositions, songs, and productions that capture the essence of each project and leave a lasting impression. We also offer mixing and mastering services to ensure optimal sound quality. &nbsp;<\/p>","protected":false},"author":1,"featured_media":0,"parent":0,"menu_order":0,"comment_status":"closed","ping_status":"closed","template":"audio.php","meta":{"_monsterinsights_skip_tracking":false,"_monsterinsights_sitenote_active":false,"_monsterinsights_sitenote_note":"","_monsterinsights_sitenote_category":0,"footnotes":""},"class_list":["post-32","page","type-page","status-publish","hentry"],"acf":[],"yoast_head":"<!-- This site is optimized with the Yoast SEO plugin v27.0 - https:\/\/yoast.com\/product\/yoast-seo-wordpress\/ -->\n<title>Producciones - Deft Dog<\/title>\n<meta name=\"robots\" content=\"index, follow, max-snippet:-1, max-image-preview:large, max-video-preview:-1\" \/>\n<link rel=\"canonical\" href=\"https:\/\/deftdog.com\/en\/producciones\/\" \/>\n<meta property=\"og:locale\" content=\"en_US\" \/>\n<meta property=\"og:type\" content=\"article\" \/>\n<meta property=\"og:title\" content=\"Producciones - Deft Dog\" \/>\n<meta property=\"og:description\" content=\"Deft Dog crea experiencias musicales \u00fanicas y cautivadoras para artistas de diferentes g\u00e9neros. Nos especializamos en la creaci\u00f3n de composiciones, canciones y producciones musicales originales que capturan la esencia de cada proyecto y dejan una impresi\u00f3n duradera. Tambi\u00e9n ofrecemos servicios de mezcla y masterizaci\u00f3n para garantizar una calidad de sonido \u00f3ptima. &nbsp;\" \/>\n<meta property=\"og:url\" content=\"https:\/\/deftdog.com\/en\/producciones\/\" \/>\n<meta property=\"og:site_name\" content=\"Deft Dog\" \/>\n<meta property=\"article:modified_time\" content=\"2023-10-12T21:58:58+00:00\" \/>\n<meta name=\"twitter:card\" content=\"summary_large_image\" \/>\n<meta name=\"twitter:label1\" content=\"Est. reading time\" \/>\n\t<meta name=\"twitter:data1\" content=\"1 minute\" \/>\n<script type=\"application\/ld+json\" class=\"yoast-schema-graph\">{\"@context\":\"https:\/\/schema.org\",\"@graph\":[{\"@type\":\"WebPage\",\"@id\":\"https:\/\/deftdog.com\/producciones\/\",\"url\":\"https:\/\/deftdog.com\/producciones\/\",\"name\":\"Producciones - Deft Dog\",\"isPartOf\":{\"@id\":\"https:\/\/deftdog.com\/#website\"},\"datePublished\":\"2023-07-10T03:22:14+00:00\",\"dateModified\":\"2023-10-12T21:58:58+00:00\",\"breadcrumb\":{\"@id\":\"https:\/\/deftdog.com\/producciones\/#breadcrumb\"},\"inLanguage\":\"en-US\",\"potentialAction\":[{\"@type\":\"ReadAction\",\"target\":[\"https:\/\/deftdog.com\/producciones\/\"]}]},{\"@type\":\"BreadcrumbList\",\"@id\":\"https:\/\/deftdog.com\/producciones\/#breadcrumb\",\"itemListElement\":[{\"@type\":\"ListItem\",\"position\":1,\"name\":\"Portada\",\"item\":\"https:\/\/deftdog.com\/\"},{\"@type\":\"ListItem\",\"position\":2,\"name\":\"Producciones\"}]},{\"@type\":\"WebSite\",\"@id\":\"https:\/\/deftdog.com\/#website\",\"url\":\"https:\/\/deftdog.com\/\",\"name\":\"Deft Dog\",\"description\":\"Nos dedicamos a la producci\u00f3n y composici\u00f3n musical a trav\u00e9s de la expresi\u00f3n de la creatividad\",\"potentialAction\":[{\"@type\":\"SearchAction\",\"target\":{\"@type\":\"EntryPoint\",\"urlTemplate\":\"https:\/\/deftdog.com\/?s={search_term_string}\"},\"query-input\":{\"@type\":\"PropertyValueSpecification\",\"valueRequired\":true,\"valueName\":\"search_term_string\"}}],\"inLanguage\":\"en-US\"}]}<\/script>\n<!-- \/ Yoast SEO plugin. -->","yoast_head_json":{"title":"Producciones - Deft Dog","robots":{"index":"index","follow":"follow","max-snippet":"max-snippet:-1","max-image-preview":"max-image-preview:large","max-video-preview":"max-video-preview:-1"},"canonical":"https:\/\/deftdog.com\/en\/producciones\/","og_locale":"en_US","og_type":"article","og_title":"Producciones - Deft Dog","og_description":"Deft Dog crea experiencias musicales \u00fanicas y cautivadoras para artistas de diferentes g\u00e9neros. Nos especializamos en la creaci\u00f3n de composiciones, canciones y producciones musicales originales que capturan la esencia de cada proyecto y dejan una impresi\u00f3n duradera. Tambi\u00e9n ofrecemos servicios de mezcla y masterizaci\u00f3n para garantizar una calidad de sonido \u00f3ptima. &nbsp;","og_url":"https:\/\/deftdog.com\/en\/producciones\/","og_site_name":"Deft Dog","article_modified_time":"2023-10-12T21:58:58+00:00","twitter_card":"summary_large_image","twitter_misc":{"Est. reading time":"1 minute"},"schema":{"@context":"https:\/\/schema.org","@graph":[{"@type":"WebPage","@id":"https:\/\/deftdog.com\/producciones\/","url":"https:\/\/deftdog.com\/producciones\/","name":"Producciones - Deft Dog","isPartOf":{"@id":"https:\/\/deftdog.com\/#website"},"datePublished":"2023-07-10T03:22:14+00:00","dateModified":"2023-10-12T21:58:58+00:00","breadcrumb":{"@id":"https:\/\/deftdog.com\/producciones\/#breadcrumb"},"inLanguage":"en-US","potentialAction":[{"@type":"ReadAction","target":["https:\/\/deftdog.com\/producciones\/"]}]},{"@type":"BreadcrumbList","@id":"https:\/\/deftdog.com\/producciones\/#breadcrumb","itemListElement":[{"@type":"ListItem","position":1,"name":"Portada","item":"https:\/\/deftdog.com\/"},{"@type":"ListItem","position":2,"name":"Producciones"}]},{"@type":"WebSite","@id":"https:\/\/deftdog.com\/#website","url":"https:\/\/deftdog.com\/","name":"Deft Dog","description":"Nos dedicamos a la producci\u00f3n y composici\u00f3n musical a trav\u00e9s de la expresi\u00f3n de la creatividad","potentialAction":[{"@type":"SearchAction","target":{"@type":"EntryPoint","urlTemplate":"https:\/\/deftdog.com\/?s={search_term_string}"},"query-input":{"@type":"PropertyValueSpecification","valueRequired":true,"valueName":"search_term_string"}}],"inLanguage":"en-US"}]}},"_links":{"self":[{"href":"https:\/\/deftdog.com\/en\/wp-json\/wp\/v2\/pages\/32","targetHints":{"allow":["GET"]}}],"collection":[{"href":"https:\/\/deftdog.com\/en\/wp-json\/wp\/v2\/pages"}],"about":[{"href":"https:\/\/deftdog.com\/en\/wp-json\/wp\/v2\/types\/page"}],"author":[{"embeddable":true,"href":"https:\/\/deftdog.com\/en\/wp-json\/wp\/v2\/users\/1"}],"replies":[{"embeddable":true,"href":"https:\/\/deftdog.com\/en\/wp-json\/wp\/v2\/comments?post=32"}],"version-history":[{"count":10,"href":"https:\/\/deftdog.com\/en\/wp-json\/wp\/v2\/pages\/32\/revisions"}],"predecessor-version":[{"id":426,"href":"https:\/\/deftdog.com\/en\/wp-json\/wp\/v2\/pages\/32\/revisions\/426"}],"wp:attachment":[{"href":"https:\/\/deftdog.com\/en\/wp-json\/wp\/v2\/media?parent=32"}],"curies":[{"name":"wp","href":"https:\/\/api.w.org\/{rel}","templated":true}]}}